{"id":377,"date":"2020-09-10T14:35:14","date_gmt":"2020-09-10T12:35:14","guid":{"rendered":"https:\/\/www.izimi.be\/categories\/"},"modified":"2023-04-12T22:02:23","modified_gmt":"2023-04-12T20:02:23","slug":"categories","status":"publish","type":"page","link":"https:\/\/www.izimi.be\/fr\/categories\/","title":{"rendered":"Categories"},"content":{"rendered":"<div id=\"cs-content\" class=\"cs-content\"><\/div>\n","protected":false},"excerpt":{"rendered":"<p>Organiser vos documents comme vous le voulez Chaque document est important et m\u00e9rite une place importante. Vous disposez dans votre coffre-fort personnel de 1Gb pour stocker gratuitement vos documents.Donn\u00e9es personnelles Mots de passe et acc\u00e8s cartes d&rsquo;identit\u00e9 passeport acte de naissance, livret de naissance testament volont\u00e9s de fin de vie dipl\u00f4mes brevets et certificats certificat de bonne vie et m\u0153urs &#8230; <\/p>\n<div><a href=\"https:\/\/www.izimi.be\/fr\/categories\/\" class=\"more-link\">Read More<\/a><\/div>\n","protected":false},"author":1,"featured_media":0,"parent":0,"menu_order":0,"comment_status":"closed","ping_status":"closed","template":"template-blank-4.php","meta":{"footnotes":""},"class_list":["post-377","page","type-page","status-publish","hentry","no-post-thumbnail"],"yoast_head":"<!-- This site is optimized with the Yoast SEO plugin v27.4 - https:\/\/yoast.com\/product\/yoast-seo-wordpress\/ -->\n<title>Categories - IZIMI<\/title>\n<meta name=\"robots\" content=\"index, follow, max-snippet:-1, max-image-preview:large, max-video-preview:-1\" \/>\n<link rel=\"canonical\" href=\"https:\/\/www.izimi.be\/fr\/categories\/\" \/>\n<meta property=\"og:locale\" content=\"fr_FR\" \/>\n<meta property=\"og:type\" content=\"article\" \/>\n<meta property=\"og:title\" content=\"Categories - IZIMI\" \/>\n<meta property=\"og:description\" content=\"Organiser vos documents comme vous le voulez Chaque document est important et m\u00e9rite une place importante. Vous disposez dans votre coffre-fort personnel de 1Gb pour stocker gratuitement vos documents.Donn\u00e9es personnelles Mots de passe et acc\u00e8s cartes d&#039;identit\u00e9 passeport acte de naissance, livret de naissance testament volont\u00e9s de fin de vie dipl\u00f4mes brevets et certificats certificat de bonne vie et m\u0153urs ... Read More\" \/>\n<meta property=\"og:url\" content=\"https:\/\/www.izimi.be\/fr\/categories\/\" \/>\n<meta property=\"og:site_name\" content=\"IZIMI : Soyez ma\u00eetre de votre vie\" \/>\n<meta property=\"article:publisher\" content=\"https:\/\/www.facebook.com\/izimibelgium\" \/>\n<meta property=\"article:modified_time\" content=\"2023-04-12T20:02:23+00:00\" \/>\n<meta property=\"og:image\" content=\"https:\/\/www.izimi.be\/wp-content\/uploads\/izimi-some-1.png\" \/>\n\t<meta property=\"og:image:width\" content=\"704\" \/>\n\t<meta property=\"og:image:height\" content=\"528\" \/>\n\t<meta property=\"og:image:type\" content=\"image\/png\" \/>\n<meta name=\"twitter:card\" content=\"summary_large_image\" \/>\n<meta name=\"twitter:label1\" content=\"Dur\u00e9e de lecture est.\" \/>\n\t<meta name=\"twitter:data1\" content=\"4 minutes\" \/>\n<script type=\"application\/ld+json\" class=\"yoast-schema-graph\">{\"@context\":\"https:\\\/\\\/schema.org\",\"@graph\":[{\"@type\":\"WebPage\",\"@id\":\"https:\\\/\\\/www.izimi.be\\\/fr\\\/categories\\\/\",\"url\":\"https:\\\/\\\/www.izimi.be\\\/fr\\\/categories\\\/\",\"name\":\"Categories - IZIMI\",\"isPartOf\":{\"@id\":\"https:\\\/\\\/www.izimi.be\\\/fr\\\/#website\"},\"datePublished\":\"2020-09-10T12:35:14+00:00\",\"dateModified\":\"2023-04-12T20:02:23+00:00\",\"breadcrumb\":{\"@id\":\"https:\\\/\\\/www.izimi.be\\\/fr\\\/categories\\\/#breadcrumb\"},\"inLanguage\":\"fr-BE\",\"potentialAction\":[{\"@type\":\"ReadAction\",\"target\":[\"https:\\\/\\\/www.izimi.be\\\/fr\\\/categories\\\/\"]}]},{\"@type\":\"BreadcrumbList\",\"@id\":\"https:\\\/\\\/www.izimi.be\\\/fr\\\/categories\\\/#breadcrumb\",\"itemListElement\":[{\"@type\":\"ListItem\",\"position\":1,\"name\":\"Homepagina\",\"item\":\"https:\\\/\\\/www.izimi.be\\\/fr\\\/\"},{\"@type\":\"ListItem\",\"position\":2,\"name\":\"Categories\"}]},{\"@type\":\"WebSite\",\"@id\":\"https:\\\/\\\/www.izimi.be\\\/fr\\\/#website\",\"url\":\"https:\\\/\\\/www.izimi.be\\\/fr\\\/\",\"name\":\"IZIMI : Soyez ma\u00eetre de votre vie\",\"description\":\"Le coffre-fort num\u00e9rique des notaires belges\",\"publisher\":{\"@id\":\"https:\\\/\\\/www.izimi.be\\\/fr\\\/#organization\"},\"potentialAction\":[{\"@type\":\"SearchAction\",\"target\":{\"@type\":\"EntryPoint\",\"urlTemplate\":\"https:\\\/\\\/www.izimi.be\\\/fr\\\/?s={search_term_string}\"},\"query-input\":{\"@type\":\"PropertyValueSpecification\",\"valueRequired\":true,\"valueName\":\"search_term_string\"}}],\"inLanguage\":\"fr-BE\"},{\"@type\":\"Organization\",\"@id\":\"https:\\\/\\\/www.izimi.be\\\/fr\\\/#organization\",\"name\":\"IZIMI\",\"url\":\"https:\\\/\\\/www.izimi.be\\\/fr\\\/\",\"logo\":{\"@type\":\"ImageObject\",\"inLanguage\":\"fr-BE\",\"@id\":\"https:\\\/\\\/www.izimi.be\\\/fr\\\/#\\\/schema\\\/logo\\\/image\\\/\",\"url\":\"https:\\\/\\\/www.izimi.be\\\/wp-content\\\/uploads\\\/2020\\\/09\\\/izimi-favicon.png\",\"contentUrl\":\"https:\\\/\\\/www.izimi.be\\\/wp-content\\\/uploads\\\/2020\\\/09\\\/izimi-favicon.png\",\"width\":512,\"height\":512,\"caption\":\"IZIMI\"},\"image\":{\"@id\":\"https:\\\/\\\/www.izimi.be\\\/fr\\\/#\\\/schema\\\/logo\\\/image\\\/\"},\"sameAs\":[\"https:\\\/\\\/www.facebook.com\\\/izimibelgium\"]}]}<\/script>\n<!-- \/ Yoast SEO plugin. -->","yoast_head_json":{"title":"Categories - IZIMI","robots":{"index":"index","follow":"follow","max-snippet":"max-snippet:-1","max-image-preview":"max-image-preview:large","max-video-preview":"max-video-preview:-1"},"canonical":"https:\/\/www.izimi.be\/fr\/categories\/","og_locale":"fr_FR","og_type":"article","og_title":"Categories - IZIMI","og_description":"Organiser vos documents comme vous le voulez Chaque document est important et m\u00e9rite une place importante. Vous disposez dans votre coffre-fort personnel de 1Gb pour stocker gratuitement vos documents.Donn\u00e9es personnelles Mots de passe et acc\u00e8s cartes d'identit\u00e9 passeport acte de naissance, livret de naissance testament volont\u00e9s de fin de vie dipl\u00f4mes brevets et certificats certificat de bonne vie et m\u0153urs ... Read More","og_url":"https:\/\/www.izimi.be\/fr\/categories\/","og_site_name":"IZIMI : Soyez ma\u00eetre de votre vie","article_publisher":"https:\/\/www.facebook.com\/izimibelgium","article_modified_time":"2023-04-12T20:02:23+00:00","og_image":[{"width":704,"height":528,"url":"https:\/\/www.izimi.be\/wp-content\/uploads\/izimi-some-1.png","type":"image\/png"}],"twitter_card":"summary_large_image","twitter_misc":{"Dur\u00e9e de lecture est.":"4 minutes"},"schema":{"@context":"https:\/\/schema.org","@graph":[{"@type":"WebPage","@id":"https:\/\/www.izimi.be\/fr\/categories\/","url":"https:\/\/www.izimi.be\/fr\/categories\/","name":"Categories - IZIMI","isPartOf":{"@id":"https:\/\/www.izimi.be\/fr\/#website"},"datePublished":"2020-09-10T12:35:14+00:00","dateModified":"2023-04-12T20:02:23+00:00","breadcrumb":{"@id":"https:\/\/www.izimi.be\/fr\/categories\/#breadcrumb"},"inLanguage":"fr-BE","potentialAction":[{"@type":"ReadAction","target":["https:\/\/www.izimi.be\/fr\/categories\/"]}]},{"@type":"BreadcrumbList","@id":"https:\/\/www.izimi.be\/fr\/categories\/#breadcrumb","itemListElement":[{"@type":"ListItem","position":1,"name":"Homepagina","item":"https:\/\/www.izimi.be\/fr\/"},{"@type":"ListItem","position":2,"name":"Categories"}]},{"@type":"WebSite","@id":"https:\/\/www.izimi.be\/fr\/#website","url":"https:\/\/www.izimi.be\/fr\/","name":"IZIMI : Soyez ma\u00eetre de votre vie","description":"Le coffre-fort num\u00e9rique des notaires belges","publisher":{"@id":"https:\/\/www.izimi.be\/fr\/#organization"},"potentialAction":[{"@type":"SearchAction","target":{"@type":"EntryPoint","urlTemplate":"https:\/\/www.izimi.be\/fr\/?s={search_term_string}"},"query-input":{"@type":"PropertyValueSpecification","valueRequired":true,"valueName":"search_term_string"}}],"inLanguage":"fr-BE"},{"@type":"Organization","@id":"https:\/\/www.izimi.be\/fr\/#organization","name":"IZIMI","url":"https:\/\/www.izimi.be\/fr\/","logo":{"@type":"ImageObject","inLanguage":"fr-BE","@id":"https:\/\/www.izimi.be\/fr\/#\/schema\/logo\/image\/","url":"https:\/\/www.izimi.be\/wp-content\/uploads\/2020\/09\/izimi-favicon.png","contentUrl":"https:\/\/www.izimi.be\/wp-content\/uploads\/2020\/09\/izimi-favicon.png","width":512,"height":512,"caption":"IZIMI"},"image":{"@id":"https:\/\/www.izimi.be\/fr\/#\/schema\/logo\/image\/"},"sameAs":["https:\/\/www.facebook.com\/izimibelgium"]}]}},"_links":{"self":[{"href":"https:\/\/www.izimi.be\/fr\/wp-json\/wp\/v2\/pages\/377","targetHints":{"allow":["GET"]}}],"collection":[{"href":"https:\/\/www.izimi.be\/fr\/wp-json\/wp\/v2\/pages"}],"about":[{"href":"https:\/\/www.izimi.be\/fr\/wp-json\/wp\/v2\/types\/page"}],"author":[{"embeddable":true,"href":"https:\/\/www.izimi.be\/fr\/wp-json\/wp\/v2\/users\/1"}],"replies":[{"embeddable":true,"href":"https:\/\/www.izimi.be\/fr\/wp-json\/wp\/v2\/comments?post=377"}],"version-history":[{"count":0,"href":"https:\/\/www.izimi.be\/fr\/wp-json\/wp\/v2\/pages\/377\/revisions"}],"wp:attachment":[{"href":"https:\/\/www.izimi.be\/fr\/wp-json\/wp\/v2\/media?parent=377"}],"curies":[{"name":"wp","href":"https:\/\/api.w.org\/{rel}","templated":true}]}}