{"id":147911,"date":"2023-08-21T15:06:36","date_gmt":"2023-08-21T13:06:36","guid":{"rendered":"https:\/\/www.izimi.be\/?page_id=147911"},"modified":"2023-08-21T15:06:37","modified_gmt":"2023-08-21T13:06:37","slug":"seine-gehaltszettel-aufbewahren","status":"publish","type":"page","link":"https:\/\/www.izimi.be\/de\/seine-dokumente-verwalten\/seine-dokumente-aufbewahren\/seine-gehaltszettel-aufbewahren\/","title":{"rendered":"Seine Gehaltszettel aufbewahren"},"content":{"rendered":"\n<p>Gehaltszettel, Gehaltsabrechnungen, Lohnzettel \u2026 gleich, wie Sie diese Dokumente auch nennen, sie dienen als<strong> Nachweis f\u00fcr Ihr Einkommen<\/strong> und sind deshalb sehr n\u00fctzlich und in manchen Situationen sogar auch erforderlich. Am besten <strong>bewahren<\/strong> Sie sie deshalb <strong>ein Leben lang auf.<\/strong><\/p>\n\n\n\n<p>Sie sollten Ihre Gehaltsabrechnungen aufbewahren, da sie zum Beispiel notwendig sein k\u00f6nnten, wenn Sie<\/p>\n\n\n\n<ul class=\"wp-block-list\">\n<li>ein Visum f\u00fcr ein anderes Land beantragen m\u00f6chten, sollten Sie die Absicht haben, sich f\u00fcr l\u00e4ngere Zeit in diesem Land aufzuhalten (da Sie nachweisen m\u00fcssen, dass Sie dort f\u00fcr Ihren Unterhalt aufkommen k\u00f6nnen),<\/li>\n\n\n\n<li>einen Hypothekenkredit oder ein Privatdarlehen aufnehmen m\u00f6chten,<\/li>\n\n\n\n<li>zur Anmietung einer Immobilie Ihren potenziellen zuk\u00fcnftigen Vermietern Nachweise und Garantien vorlegen m\u00fcssen.<\/li>\n<\/ul>\n\n\n\n<p>Ihre Gehaltszettel sowie alle anderen Ihr Einkommen betreffenden Dokumente, die Sie aufbewahren sollten, sind auch bei Ihrer <strong>Steuererkl\u00e4rung<\/strong> von Nutzen. Letztendlich k\u00f6nnten Ihre Gehaltsabrechnungen auch dazu dienen, <strong>Ihre Pensionsanspr\u00fcche geltend zu machen<strong> <\/strong><\/strong>und nachzuweisen, dass Sie in <strong>ausreichendem Ma\u00dfe Beitr\u00e4ge<\/strong> f\u00fcr Ihre Pension <strong>eingezahlt<\/strong> haben.<\/p>\n\n\n\n<h2 class=\"wp-block-heading\">Dauer der Aufbewahrung der Gehaltszettel<\/h2>\n\n\n\n<p>Die Beh\u00f6rden empfehlen nachdr\u00fccklich, Gehaltszettel <strong>mindestens bis zur Pension<\/strong> aufzubewahren.<\/p>\n","protected":false},"excerpt":{"rendered":"<p>Gehaltszettel, Gehaltsabrechnungen, Lohnzettel \u2026 gleich, wie Sie diese Dokumente auch nennen, sie dienen als Nachweis f\u00fcr Ihr Einkommen und sind deshalb sehr n\u00fctzlich und in manchen Situationen sogar auch erforderlich. Am besten bewahren Sie sie deshalb ein Leben lang auf. Sie sollten Ihre Gehaltsabrechnungen aufbewahren, da sie zum Beispiel notwendig sein k\u00f6nnten, wenn Sie Ihre Gehaltszettel sowie alle anderen Ihr &#8230; <\/p>\n<div><a href=\"https:\/\/www.izimi.be\/de\/seine-dokumente-verwalten\/seine-dokumente-aufbewahren\/seine-gehaltszettel-aufbewahren\/\" class=\"more-link\">Read More<\/a><\/div>\n","protected":false},"author":1,"featured_media":0,"parent":147878,"menu_order":0,"comment_status":"closed","ping_status":"closed","template":"template-layout-full-width.php","meta":{"footnotes":""},"class_list":["post-147911","page","type-page","status-publish","hentry","no-post-thumbnail"],"yoast_head":"<!-- This site is optimized with the Yoast SEO plugin v27.4 - https:\/\/yoast.com\/product\/yoast-seo-wordpress\/ -->\n<title>Seine Gehaltszettel aufbewahren - IZIMI : Behalten Sie die Kontrolle \u00fcber Ihr Leben<\/title>\n<meta name=\"robots\" content=\"index, follow, max-snippet:-1, max-image-preview:large, max-video-preview:-1\" \/>\n<link rel=\"canonical\" href=\"https:\/\/www.izimi.be\/de\/seine-dokumente-verwalten\/seine-dokumente-aufbewahren\/seine-gehaltszettel-aufbewahren\/\" \/>\n<meta property=\"og:locale\" content=\"de_DE\" \/>\n<meta property=\"og:type\" content=\"article\" \/>\n<meta property=\"og:title\" content=\"Seine Gehaltszettel aufbewahren - IZIMI : Behalten Sie die Kontrolle \u00fcber Ihr Leben\" \/>\n<meta property=\"og:description\" content=\"Gehaltszettel, Gehaltsabrechnungen, Lohnzettel \u2026 gleich, wie Sie diese Dokumente auch nennen, sie dienen als Nachweis f\u00fcr Ihr Einkommen und sind deshalb sehr n\u00fctzlich und in manchen Situationen sogar auch erforderlich. Am besten bewahren Sie sie deshalb ein Leben lang auf. Sie sollten Ihre Gehaltsabrechnungen aufbewahren, da sie zum Beispiel notwendig sein k\u00f6nnten, wenn Sie Ihre Gehaltszettel sowie alle anderen Ihr ... Read More\" \/>\n<meta property=\"og:url\" content=\"https:\/\/www.izimi.be\/de\/seine-dokumente-verwalten\/seine-dokumente-aufbewahren\/seine-gehaltszettel-aufbewahren\/\" \/>\n<meta property=\"og:site_name\" content=\"IZIMI : Behalten Sie die Kontrolle \u00fcber Ihr Leben\" \/>\n<meta property=\"article:publisher\" content=\"https:\/\/www.facebook.com\/izimibelgium\" \/>\n<meta property=\"article:modified_time\" content=\"2023-08-21T13:06:37+00:00\" \/>\n<meta property=\"og:image\" content=\"https:\/\/www.izimi.be\/wp-content\/uploads\/izimi-some-1.png\" \/>\n\t<meta property=\"og:image:width\" content=\"704\" \/>\n\t<meta property=\"og:image:height\" content=\"528\" \/>\n\t<meta property=\"og:image:type\" content=\"image\/png\" \/>\n<meta name=\"twitter:card\" content=\"summary_large_image\" \/>\n<meta name=\"twitter:label1\" content=\"Est. reading time\" \/>\n\t<meta name=\"twitter:data1\" content=\"1 minute\" \/>\n<script type=\"application\/ld+json\" class=\"yoast-schema-graph\">{\"@context\":\"https:\\\/\\\/schema.org\",\"@graph\":[{\"@type\":\"WebPage\",\"@id\":\"https:\\\/\\\/www.izimi.be\\\/de\\\/seine-dokumente-verwalten\\\/seine-dokumente-aufbewahren\\\/seine-gehaltszettel-aufbewahren\\\/\",\"url\":\"https:\\\/\\\/www.izimi.be\\\/de\\\/seine-dokumente-verwalten\\\/seine-dokumente-aufbewahren\\\/seine-gehaltszettel-aufbewahren\\\/\",\"name\":\"Seine Gehaltszettel aufbewahren - IZIMI : Behalten Sie die Kontrolle \u00fcber Ihr Leben\",\"isPartOf\":{\"@id\":\"https:\\\/\\\/www.izimi.be\\\/de\\\/#website\"},\"datePublished\":\"2023-08-21T13:06:36+00:00\",\"dateModified\":\"2023-08-21T13:06:37+00:00\",\"breadcrumb\":{\"@id\":\"https:\\\/\\\/www.izimi.be\\\/de\\\/seine-dokumente-verwalten\\\/seine-dokumente-aufbewahren\\\/seine-gehaltszettel-aufbewahren\\\/#breadcrumb\"},\"inLanguage\":\"de-BE\",\"potentialAction\":[{\"@type\":\"ReadAction\",\"target\":[\"https:\\\/\\\/www.izimi.be\\\/de\\\/seine-dokumente-verwalten\\\/seine-dokumente-aufbewahren\\\/seine-gehaltszettel-aufbewahren\\\/\"]}]},{\"@type\":\"BreadcrumbList\",\"@id\":\"https:\\\/\\\/www.izimi.be\\\/de\\\/seine-dokumente-verwalten\\\/seine-dokumente-aufbewahren\\\/seine-gehaltszettel-aufbewahren\\\/#breadcrumb\",\"itemListElement\":[{\"@type\":\"ListItem\",\"position\":1,\"name\":\"Homepagina\",\"item\":\"https:\\\/\\\/www.izimi.be\\\/de\\\/homepage\\\/\"},{\"@type\":\"ListItem\",\"position\":2,\"name\":\"Seine Dokumente verwalten\",\"item\":\"https:\\\/\\\/www.izimi.be\\\/de\\\/seine-dokumente-verwalten\\\/\"},{\"@type\":\"ListItem\",\"position\":3,\"name\":\"Seine Dokumente aufbewahren\",\"item\":\"https:\\\/\\\/www.izimi.be\\\/de\\\/seine-dokumente-verwalten\\\/seine-dokumente-aufbewahren\\\/\"},{\"@type\":\"ListItem\",\"position\":4,\"name\":\"Seine Gehaltszettel aufbewahren\"}]},{\"@type\":\"WebSite\",\"@id\":\"https:\\\/\\\/www.izimi.be\\\/de\\\/#website\",\"url\":\"https:\\\/\\\/www.izimi.be\\\/de\\\/\",\"name\":\"IZIMI : Behalten Sie die Kontrolle \u00fcber Ihr Leben\",\"description\":\"Der digitale Safe der belgischen Notariat.\",\"publisher\":{\"@id\":\"https:\\\/\\\/www.izimi.be\\\/de\\\/#organization\"},\"potentialAction\":[{\"@type\":\"SearchAction\",\"target\":{\"@type\":\"EntryPoint\",\"urlTemplate\":\"https:\\\/\\\/www.izimi.be\\\/de\\\/?s={search_term_string}\"},\"query-input\":{\"@type\":\"PropertyValueSpecification\",\"valueRequired\":true,\"valueName\":\"search_term_string\"}}],\"inLanguage\":\"de-BE\"},{\"@type\":\"Organization\",\"@id\":\"https:\\\/\\\/www.izimi.be\\\/de\\\/#organization\",\"name\":\"IZIMI\",\"url\":\"https:\\\/\\\/www.izimi.be\\\/de\\\/\",\"logo\":{\"@type\":\"ImageObject\",\"inLanguage\":\"de-BE\",\"@id\":\"https:\\\/\\\/www.izimi.be\\\/de\\\/#\\\/schema\\\/logo\\\/image\\\/\",\"url\":\"https:\\\/\\\/www.izimi.be\\\/wp-content\\\/uploads\\\/2020\\\/09\\\/izimi-favicon.png\",\"contentUrl\":\"https:\\\/\\\/www.izimi.be\\\/wp-content\\\/uploads\\\/2020\\\/09\\\/izimi-favicon.png\",\"width\":512,\"height\":512,\"caption\":\"IZIMI\"},\"image\":{\"@id\":\"https:\\\/\\\/www.izimi.be\\\/de\\\/#\\\/schema\\\/logo\\\/image\\\/\"},\"sameAs\":[\"https:\\\/\\\/www.facebook.com\\\/izimibelgium\"]}]}<\/script>\n<!-- \/ Yoast SEO plugin. -->","yoast_head_json":{"title":"Seine Gehaltszettel aufbewahren - IZIMI : Behalten Sie die Kontrolle \u00fcber Ihr Leben","robots":{"index":"index","follow":"follow","max-snippet":"max-snippet:-1","max-image-preview":"max-image-preview:large","max-video-preview":"max-video-preview:-1"},"canonical":"https:\/\/www.izimi.be\/de\/seine-dokumente-verwalten\/seine-dokumente-aufbewahren\/seine-gehaltszettel-aufbewahren\/","og_locale":"de_DE","og_type":"article","og_title":"Seine Gehaltszettel aufbewahren - IZIMI : Behalten Sie die Kontrolle \u00fcber Ihr Leben","og_description":"Gehaltszettel, Gehaltsabrechnungen, Lohnzettel \u2026 gleich, wie Sie diese Dokumente auch nennen, sie dienen als Nachweis f\u00fcr Ihr Einkommen und sind deshalb sehr n\u00fctzlich und in manchen Situationen sogar auch erforderlich. Am besten bewahren Sie sie deshalb ein Leben lang auf. Sie sollten Ihre Gehaltsabrechnungen aufbewahren, da sie zum Beispiel notwendig sein k\u00f6nnten, wenn Sie Ihre Gehaltszettel sowie alle anderen Ihr ... Read More","og_url":"https:\/\/www.izimi.be\/de\/seine-dokumente-verwalten\/seine-dokumente-aufbewahren\/seine-gehaltszettel-aufbewahren\/","og_site_name":"IZIMI : Behalten Sie die Kontrolle \u00fcber Ihr Leben","article_publisher":"https:\/\/www.facebook.com\/izimibelgium","article_modified_time":"2023-08-21T13:06:37+00:00","og_image":[{"width":704,"height":528,"url":"https:\/\/www.izimi.be\/wp-content\/uploads\/izimi-some-1.png","type":"image\/png"}],"twitter_card":"summary_large_image","twitter_misc":{"Est. reading time":"1 minute"},"schema":{"@context":"https:\/\/schema.org","@graph":[{"@type":"WebPage","@id":"https:\/\/www.izimi.be\/de\/seine-dokumente-verwalten\/seine-dokumente-aufbewahren\/seine-gehaltszettel-aufbewahren\/","url":"https:\/\/www.izimi.be\/de\/seine-dokumente-verwalten\/seine-dokumente-aufbewahren\/seine-gehaltszettel-aufbewahren\/","name":"Seine Gehaltszettel aufbewahren - IZIMI : Behalten Sie die Kontrolle \u00fcber Ihr Leben","isPartOf":{"@id":"https:\/\/www.izimi.be\/de\/#website"},"datePublished":"2023-08-21T13:06:36+00:00","dateModified":"2023-08-21T13:06:37+00:00","breadcrumb":{"@id":"https:\/\/www.izimi.be\/de\/seine-dokumente-verwalten\/seine-dokumente-aufbewahren\/seine-gehaltszettel-aufbewahren\/#breadcrumb"},"inLanguage":"de-BE","potentialAction":[{"@type":"ReadAction","target":["https:\/\/www.izimi.be\/de\/seine-dokumente-verwalten\/seine-dokumente-aufbewahren\/seine-gehaltszettel-aufbewahren\/"]}]},{"@type":"BreadcrumbList","@id":"https:\/\/www.izimi.be\/de\/seine-dokumente-verwalten\/seine-dokumente-aufbewahren\/seine-gehaltszettel-aufbewahren\/#breadcrumb","itemListElement":[{"@type":"ListItem","position":1,"name":"Homepagina","item":"https:\/\/www.izimi.be\/de\/homepage\/"},{"@type":"ListItem","position":2,"name":"Seine Dokumente verwalten","item":"https:\/\/www.izimi.be\/de\/seine-dokumente-verwalten\/"},{"@type":"ListItem","position":3,"name":"Seine Dokumente aufbewahren","item":"https:\/\/www.izimi.be\/de\/seine-dokumente-verwalten\/seine-dokumente-aufbewahren\/"},{"@type":"ListItem","position":4,"name":"Seine Gehaltszettel aufbewahren"}]},{"@type":"WebSite","@id":"https:\/\/www.izimi.be\/de\/#website","url":"https:\/\/www.izimi.be\/de\/","name":"IZIMI : Behalten Sie die Kontrolle \u00fcber Ihr Leben","description":"Der digitale Safe der belgischen Notariat.","publisher":{"@id":"https:\/\/www.izimi.be\/de\/#organization"},"potentialAction":[{"@type":"SearchAction","target":{"@type":"EntryPoint","urlTemplate":"https:\/\/www.izimi.be\/de\/?s={search_term_string}"},"query-input":{"@type":"PropertyValueSpecification","valueRequired":true,"valueName":"search_term_string"}}],"inLanguage":"de-BE"},{"@type":"Organization","@id":"https:\/\/www.izimi.be\/de\/#organization","name":"IZIMI","url":"https:\/\/www.izimi.be\/de\/","logo":{"@type":"ImageObject","inLanguage":"de-BE","@id":"https:\/\/www.izimi.be\/de\/#\/schema\/logo\/image\/","url":"https:\/\/www.izimi.be\/wp-content\/uploads\/2020\/09\/izimi-favicon.png","contentUrl":"https:\/\/www.izimi.be\/wp-content\/uploads\/2020\/09\/izimi-favicon.png","width":512,"height":512,"caption":"IZIMI"},"image":{"@id":"https:\/\/www.izimi.be\/de\/#\/schema\/logo\/image\/"},"sameAs":["https:\/\/www.facebook.com\/izimibelgium"]}]}},"_links":{"self":[{"href":"https:\/\/www.izimi.be\/de\/wp-json\/wp\/v2\/pages\/147911","targetHints":{"allow":["GET"]}}],"collection":[{"href":"https:\/\/www.izimi.be\/de\/wp-json\/wp\/v2\/pages"}],"about":[{"href":"https:\/\/www.izimi.be\/de\/wp-json\/wp\/v2\/types\/page"}],"author":[{"embeddable":true,"href":"https:\/\/www.izimi.be\/de\/wp-json\/wp\/v2\/users\/1"}],"replies":[{"embeddable":true,"href":"https:\/\/www.izimi.be\/de\/wp-json\/wp\/v2\/comments?post=147911"}],"version-history":[{"count":0,"href":"https:\/\/www.izimi.be\/de\/wp-json\/wp\/v2\/pages\/147911\/revisions"}],"up":[{"embeddable":true,"href":"https:\/\/www.izimi.be\/de\/wp-json\/wp\/v2\/pages\/147878"}],"wp:attachment":[{"href":"https:\/\/www.izimi.be\/de\/wp-json\/wp\/v2\/media?parent=147911"}],"curies":[{"name":"wp","href":"https:\/\/api.w.org\/{rel}","templated":true}]}}